{"id":39,"date":"2023-06-08T23:12:30","date_gmt":"2023-06-08T23:12:30","guid":{"rendered":"http:\/\/manting.com.co\/?page_id=39"},"modified":"2023-11-15T02:48:08","modified_gmt":"2023-11-15T02:48:08","slug":"quienes-somos","status":"publish","type":"page","link":"https:\/\/manting.com.co\/index.php\/quienes-somos\/","title":{"rendered":"\u00bfQui\u00e9nes somos?"},"content":{"rendered":"\n<div class=\"wp-block-columns is-layout-flex wp-container-2\">\n<div class=\"wp-block-column is-layout-flow\"><div class=\"wp-block-image\">\n<figure class=\"aligncenter size-full\"><img decoding=\"async\" loading=\"lazy\" width=\"1400\" height=\"700\" src=\"http:\/\/manting.com.co\/wp-content\/uploads\/2023\/08\/nosotros.jpg\" alt=\"\" class=\"wp-image-445\" srcset=\"https:\/\/manting.com.co\/wp-content\/uploads\/2023\/08\/nosotros.jpg 1400w, https:\/\/manting.com.co\/wp-content\/uploads\/2023\/08\/nosotros-300x150.jpg 300w, https:\/\/manting.com.co\/wp-content\/uploads\/2023\/08\/nosotros-1024x512.jpg 1024w, https:\/\/manting.com.co\/wp-content\/uploads\/2023\/08\/nosotros-768x384.jpg 768w\" sizes=\"(max-width: 1400px) 100vw, 1400px\" \/><\/figure><\/div><\/div>\n<\/div>\n\n\n\n<p>Somos un equipo de ingenieros especializados en automatizaci\u00f3n, con m\u00e1s de 20 a\u00f1os de experiencia en el mercado, generando y desarrollando ideas innovadoras, disruptivas y eficaces con las necesidades de los clientes.<br>Investigar, aprender y desarrollar es nuestra pasi\u00f3n, as\u00ed transformamos positivamente el entorno impactado. Este enfoque nos ha llevado a incursionar en tres negocios estrat\u00e9gicos: automatizaci\u00f3n, mantenimiento y decisiones inteligentes.<br>Por la calidad de nuestro servicio y trayectoria, contamos con certificaciones de f\u00e1brica en los software y equipos que usamos para brindar soluciones integrales.<\/p>\n\n\n\n<h1 class=\"wp-block-heading\">\u00bfQu\u00e9 Hacemos?<\/h1>\n\n\n\n<div class=\"wp-block-columns is-layout-flex wp-container-4\">\n<div class=\"wp-block-column is-layout-flow\" style=\"flex-basis:100%\"><\/div>\n<\/div>\n\n\n\n<div class=\"wp-block-columns is-layout-flex wp-container-7\">\n<div class=\"wp-block-column is-layout-flow\">\n<p>En Manting creemos en la automatizaci\u00f3n inteligente y nos inspira para ofrecer al mercado soluciones integrales. Por esto ayudamos a nuestros clientes a utilizar la automatizaci\u00f3n de manera eficaz, permiti\u00e9ndoles:<br>-Detectar sus puntos fuertes y crear nuevas oportunidades.<br>-Complementar sus debilidades.<br>-Equilibrar tareas humanas y de m\u00e1quinas para generar una adecuada mano de obra colaborativa, optimizando as\u00ed sus recursos y fluir r\u00e1pidamente en el mercado din\u00e1mico que hoy impone el mundo.<\/p>\n<\/div>\n\n\n\n<div class=\"wp-block-column is-layout-flow\"><div class=\"wp-block-image is-style-rounded\">\n<figure class=\"aligncenter size-large\"><img decoding=\"async\" loading=\"lazy\" width=\"1024\" height=\"680\" src=\"http:\/\/manting.com.co\/wp-content\/uploads\/2023\/08\/nosotros-manting-1024x680.jpeg\" alt=\"\" class=\"wp-image-453\" srcset=\"https:\/\/manting.com.co\/wp-content\/uploads\/2023\/08\/nosotros-manting-1024x680.jpeg 1024w, https:\/\/manting.com.co\/wp-content\/uploads\/2023\/08\/nosotros-manting-300x199.jpeg 300w, https:\/\/manting.com.co\/wp-content\/uploads\/2023\/08\/nosotros-manting-768x510.jpeg 768w, https:\/\/manting.com.co\/wp-content\/uploads\/2023\/08\/nosotros-manting.jpeg 1280w\" sizes=\"(max-width: 1024px) 100vw, 1024px\" \/><\/figure><\/div><\/div>\n<\/div>\n\n\n\n<h1 class=\"wp-block-heading\">\u00bfQu\u00e9 es Bit.iot?<\/h1>\n\n\n\n<div class=\"wp-block-columns is-layout-flex wp-container-10\">\n<div class=\"wp-block-column is-layout-flow\">\n<p class=\"has-medium-font-size\">Creamos soluciones tecnol\u00f3gicas para Inteligencia de negocios.<\/p>\n\n\n\n<p><strong>Volga y Ksiro<\/strong> son 2 de nuestras plataformas.<\/p>\n\n\n\n<p><strong>Volga: <\/strong>Es una plataforma inteligente para establecimientos comerciales que les ayuda a tomar decisiones asertivas y potencializar sus negocios, sus m\u00f3dulos son:<\/p>\n\n\n\n<ul>\n<li><strong>Conteo peatonal<\/strong><\/li>\n\n\n\n<li><strong>Conteo vehicular<\/strong><\/li>\n\n\n\n<li><strong>Monitoreo de aires acondicionados<\/strong><\/li>\n\n\n\n<li><strong>Monitoreo de apertura de locales<\/strong><\/li>\n<\/ul>\n\n\n\n<p><\/p>\n\n\n\n<p><strong>Plataforma para gestionar de manera inteligente los Riesgos Financieros a entidades del sector solidario y real.<\/strong><strong><\/strong><\/p>\n\n\n\n<p><strong>Ksiro:<\/strong> Su metodolog\u00eda es la ciencia de datos, esto permite mayor efectividad en la toma de decisiones y mejor cumplimiento a los est\u00e1ndares regulatorios.<\/p>\n\n\n\n<p>Conoce m\u00e1s en www.bitiot.co<\/p>\n\n\n\n<p><\/p>\n<\/div>\n\n\n\n<div class=\"wp-block-column is-layout-flow\"><div class=\"wp-block-image is-style-rounded\">\n<figure class=\"aligncenter size-large\"><img decoding=\"async\" loading=\"lazy\" width=\"1024\" height=\"680\" src=\"http:\/\/manting.com.co\/wp-content\/uploads\/2023\/08\/manting-nosotros-1024x680.jpeg\" alt=\"\" class=\"wp-image-452\" srcset=\"https:\/\/manting.com.co\/wp-content\/uploads\/2023\/08\/manting-nosotros-1024x680.jpeg 1024w, https:\/\/manting.com.co\/wp-content\/uploads\/2023\/08\/manting-nosotros-300x199.jpeg 300w, https:\/\/manting.com.co\/wp-content\/uploads\/2023\/08\/manting-nosotros-768x510.jpeg 768w, https:\/\/manting.com.co\/wp-content\/uploads\/2023\/08\/manting-nosotros.jpeg 1280w\" sizes=\"(max-width: 1024px) 100vw, 1024px\" \/><\/figure><\/div><\/div>\n<\/div>\n\n\n\n<div class=\"wp-block-group has-pale-ocean-gradient-background has-background is-layout-constrained\"><div class=\"wp-block-group__inner-container\">\n<h2 class=\"wp-block-heading has-text-align-center\">Contactanos!<\/h2>\n\n\n\n<div class=\"wp-block-columns is-layout-flex wp-container-13\">\n<div class=\"wp-block-column is-vertically-aligned-center is-layout-flow\"><div class=\"wp-block-image is-style-rounded\">\n<figure class=\"aligncenter size-full\"><img decoding=\"async\" loading=\"lazy\" width=\"1400\" height=\"700\" src=\"https:\/\/manting.com.co\/wp-content\/uploads\/2023\/11\/Diseno-sin-titulo-33.jpg\" alt=\"\" class=\"wp-image-649\" srcset=\"https:\/\/manting.com.co\/wp-content\/uploads\/2023\/11\/Diseno-sin-titulo-33.jpg 1400w, https:\/\/manting.com.co\/wp-content\/uploads\/2023\/11\/Diseno-sin-titulo-33-300x150.jpg 300w, https:\/\/manting.com.co\/wp-content\/uploads\/2023\/11\/Diseno-sin-titulo-33-1024x512.jpg 1024w, https:\/\/manting.com.co\/wp-content\/uploads\/2023\/11\/Diseno-sin-titulo-33-768x384.jpg 768w\" sizes=\"(max-width: 1400px) 100vw, 1400px\" \/><\/figure><\/div><\/div>\n\n\n\n<div class=\"wp-block-column is-layout-flow\">\n<div class=\"wp-block-contact-form-7-contact-form-selector\">\n<div class=\"wpcf7 no-js\" id=\"wpcf7-f615-o1\" lang=\"es-ES\" dir=\"ltr\">\n<div class=\"screen-reader-response\"><p role=\"status\" aria-live=\"polite\" aria-atomic=\"true\"><\/p> <ul><\/ul><\/div>\n<form action=\"\/index.php\/wp-json\/wp\/v2\/pages\/39#wpcf7-f615-o1\" method=\"post\" class=\"wpcf7-form init\" aria-label=\"Formulario de contacto\" novalidate=\"novalidate\" data-status=\"init\">\n<div style=\"display: none;\">\n<input type=\"hidden\" name=\"_wpcf7\" value=\"615\" \/>\n<input type=\"hidden\" name=\"_wpcf7_version\" value=\"5.8\" \/>\n<input type=\"hidden\" name=\"_wpcf7_locale\" value=\"es_ES\" \/>\n<input type=\"hidden\" name=\"_wpcf7_unit_tag\" value=\"wpcf7-f615-o1\" \/>\n<input type=\"hidden\" name=\"_wpcf7_container_post\" value=\"0\" \/>\n<input type=\"hidden\" name=\"_wpcf7_posted_data_hash\" value=\"\" \/>\n<\/div>\n<p><label> Tu nombre<br \/>\n<span class=\"wpcf7-form-control-wrap\" data-name=\"your-name\"><input size=\"40\" class=\"wpcf7-form-control wpcf7-text wpcf7-validates-as-required\" autocomplete=\"name\" aria-required=\"true\" aria-invalid=\"false\" value=\"\" type=\"text\" name=\"your-name\" \/><\/span> <\/label><br \/>\n<label> Tu correo electr\u00f3nico<br \/>\n<span class=\"wpcf7-form-control-wrap\" data-name=\"your-email\"><input size=\"40\" class=\"wpcf7-form-control wpcf7-email wpcf7-validates-as-required wpcf7-text wpcf7-validates-as-email\" autocomplete=\"email\" aria-required=\"true\" aria-invalid=\"false\" value=\"\" type=\"email\" name=\"your-email\" \/><\/span> <\/label><br \/>\n<label> Asunto<br \/>\n<span class=\"wpcf7-form-control-wrap\" data-name=\"your-subject\"><input size=\"40\" class=\"wpcf7-form-control wpcf7-text wpcf7-validates-as-required\" aria-required=\"true\" aria-invalid=\"false\" value=\"\" type=\"text\" name=\"your-subject\" \/><\/span> <\/label><br \/>\n<label> Tu mensaje<br \/>\n<span class=\"wpcf7-form-control-wrap\" data-name=\"your-message\"><textarea cols=\"40\" rows=\"10\" class=\"wpcf7-form-control wpcf7-textarea\" aria-invalid=\"false\" name=\"your-message\"><\/textarea><\/span> <\/label><br \/>\n<input class=\"wpcf7-form-control wpcf7-submit has-spinner\" type=\"submit\" value=\"Enviar\" \/>\n<\/p><div class=\"wpcf7-response-output\" aria-hidden=\"true\"><\/div>\n<\/form>\n<\/div>\n<\/div>\n<\/div>\n<\/div>\n<\/div><\/div>\n","protected":false},"excerpt":{"rendered":"<p>Somos un equipo de ingenieros especializados en automatizaci\u00f3n, con m\u00e1s de 20 a\u00f1os de experiencia en el mercado, generando y desarrollando ideas innovadoras, disruptivas y eficaces con las necesidades de los clientes.Investigar, aprender y desarrollar es nuestra pasi\u00f3n, as\u00ed transformamos positivamente el entorno impactado. Este enfoque nos ha llevado a incursionar en tres negocios estrat\u00e9gicos: [&hellip;]<\/p>\n","protected":false},"author":1,"featured_media":0,"parent":0,"menu_order":0,"comment_status":"closed","ping_status":"closed","template":"page-templates\/pagebuilder.php","meta":[],"_links":{"self":[{"href":"https:\/\/manting.com.co\/index.php\/wp-json\/wp\/v2\/pages\/39"}],"collection":[{"href":"https:\/\/manting.com.co\/index.php\/wp-json\/wp\/v2\/pages"}],"about":[{"href":"https:\/\/manting.com.co\/index.php\/wp-json\/wp\/v2\/types\/page"}],"author":[{"embeddable":true,"href":"https:\/\/manting.com.co\/index.php\/wp-json\/wp\/v2\/users\/1"}],"replies":[{"embeddable":true,"href":"https:\/\/manting.com.co\/index.php\/wp-json\/wp\/v2\/comments?post=39"}],"version-history":[{"count":32,"href":"https:\/\/manting.com.co\/index.php\/wp-json\/wp\/v2\/pages\/39\/revisions"}],"predecessor-version":[{"id":669,"href":"https:\/\/manting.com.co\/index.php\/wp-json\/wp\/v2\/pages\/39\/revisions\/669"}],"wp:attachment":[{"href":"https:\/\/manting.com.co\/index.php\/wp-json\/wp\/v2\/media?parent=39"}],"curies":[{"name":"wp","href":"https:\/\/api.w.org\/{rel}","templated":true}]}}