{"id":482,"date":"2023-08-02T01:18:10","date_gmt":"2023-08-02T01:18:10","guid":{"rendered":"http:\/\/manting.com.co\/?page_id=482"},"modified":"2023-11-15T02:50:22","modified_gmt":"2023-11-15T02:50:22","slug":"centros-comerciales","status":"publish","type":"page","link":"https:\/\/manting.com.co\/index.php\/centros-comerciales\/","title":{"rendered":"Centros Comerciales"},"content":{"rendered":"\n<h1 class=\"wp-block-heading has-text-align-center\">Centros Comerciales<\/h1>\n\n\n\n<div class=\"wp-block-columns is-layout-flex wp-container-4\">\n<div class=\"wp-block-column is-layout-flow\">\n<div class=\"wp-block-media-text alignwide is-stacked-on-mobile is-vertically-aligned-top\"><figure class=\"wp-block-media-text__media\"><img decoding=\"async\" loading=\"lazy\" width=\"989\" height=\"1024\" src=\"http:\/\/manting.com.co\/wp-content\/uploads\/2023\/07\/viva-laureles-989x1024.jpg\" alt=\"\" class=\"wp-image-339 size-full\" srcset=\"https:\/\/manting.com.co\/wp-content\/uploads\/2023\/07\/viva-laureles-989x1024.jpg 989w, https:\/\/manting.com.co\/wp-content\/uploads\/2023\/07\/viva-laureles-290x300.jpg 290w, https:\/\/manting.com.co\/wp-content\/uploads\/2023\/07\/viva-laureles-768x795.jpg 768w, https:\/\/manting.com.co\/wp-content\/uploads\/2023\/07\/viva-laureles-1484x1536.jpg 1484w, https:\/\/manting.com.co\/wp-content\/uploads\/2023\/07\/viva-laureles-1979x2048.jpg 1979w, https:\/\/manting.com.co\/wp-content\/uploads\/2023\/07\/viva-laureles.jpg 2000w\" sizes=\"(max-width: 989px) 100vw, 989px\" \/><\/figure><div class=\"wp-block-media-text__content\">\n<p class=\"has-small-font-size\"><strong>Viva Laureles<\/strong><\/p>\n\n\n\n<p class=\"has-small-font-size\">\u2714Mantenimiento sistema de detecci\u00f3n de incendio y CCTV<\/p>\n<\/div><\/div>\n<\/div>\n\n\n\n<div class=\"wp-block-column is-layout-flow\">\n<div class=\"wp-block-media-text alignwide is-stacked-on-mobile is-vertically-aligned-top\"><figure class=\"wp-block-media-text__media\"><img decoding=\"async\" loading=\"lazy\" width=\"989\" height=\"1024\" src=\"http:\/\/manting.com.co\/wp-content\/uploads\/2023\/07\/mayorca-989x1024.jpg\" alt=\"\" class=\"wp-image-311 size-full\" srcset=\"https:\/\/manting.com.co\/wp-content\/uploads\/2023\/07\/mayorca-989x1024.jpg 989w, https:\/\/manting.com.co\/wp-content\/uploads\/2023\/07\/mayorca-290x300.jpg 290w, https:\/\/manting.com.co\/wp-content\/uploads\/2023\/07\/mayorca-768x795.jpg 768w, https:\/\/manting.com.co\/wp-content\/uploads\/2023\/07\/mayorca-1484x1536.jpg 1484w, https:\/\/manting.com.co\/wp-content\/uploads\/2023\/07\/mayorca-1979x2048.jpg 1979w, https:\/\/manting.com.co\/wp-content\/uploads\/2023\/07\/mayorca.jpg 2000w\" sizes=\"(max-width: 989px) 100vw, 989px\" \/><\/figure><div class=\"wp-block-media-text__content\">\n<p class=\"has-small-font-size\"><strong>Mayorca<\/strong><\/p>\n\n\n\n<p class=\"has-small-font-size\">\u2714Puesta a punto del sistema de automatizaci\u00f3n, Mantenimiento y soporte<\/p>\n<\/div><\/div>\n<\/div>\n\n\n\n<div class=\"wp-block-column is-layout-flow\">\n<div class=\"wp-block-media-text alignwide is-stacked-on-mobile is-vertically-aligned-top\"><figure class=\"wp-block-media-text__media\"><img decoding=\"async\" loading=\"lazy\" width=\"989\" height=\"1024\" src=\"http:\/\/manting.com.co\/wp-content\/uploads\/2023\/07\/san-nicolas-989x1024.jpg\" alt=\"\" class=\"wp-image-322 size-full\" srcset=\"https:\/\/manting.com.co\/wp-content\/uploads\/2023\/07\/san-nicolas-989x1024.jpg 989w, https:\/\/manting.com.co\/wp-content\/uploads\/2023\/07\/san-nicolas-290x300.jpg 290w, https:\/\/manting.com.co\/wp-content\/uploads\/2023\/07\/san-nicolas-768x795.jpg 768w, https:\/\/manting.com.co\/wp-content\/uploads\/2023\/07\/san-nicolas-1484x1536.jpg 1484w, https:\/\/manting.com.co\/wp-content\/uploads\/2023\/07\/san-nicolas-1979x2048.jpg 1979w, https:\/\/manting.com.co\/wp-content\/uploads\/2023\/07\/san-nicolas.jpg 2000w\" sizes=\"(max-width: 989px) 100vw, 989px\" \/><\/figure><div class=\"wp-block-media-text__content\">\n<p class=\"has-small-font-size\"><strong>San Nicol\u00e1s<\/strong> <strong>(Rionegro)<\/strong><\/p>\n\n\n\n<p class=\"has-small-font-size\">\u2714Programaci\u00f3n de automatizaci\u00f3n y BMS<\/p>\n<\/div><\/div>\n<\/div>\n<\/div>\n\n\n\n<div class=\"wp-block-columns is-layout-flex wp-container-8\">\n<div class=\"wp-block-column is-layout-flow\">\n<div class=\"wp-block-media-text alignwide is-stacked-on-mobile is-vertically-aligned-top\"><figure class=\"wp-block-media-text__media\"><img decoding=\"async\" loading=\"lazy\" width=\"989\" height=\"1024\" src=\"http:\/\/manting.com.co\/wp-content\/uploads\/2023\/07\/plaza-fabricato-989x1024.jpg\" alt=\"\" class=\"wp-image-319 size-full\" srcset=\"https:\/\/manting.com.co\/wp-content\/uploads\/2023\/07\/plaza-fabricato-989x1024.jpg 989w, https:\/\/manting.com.co\/wp-content\/uploads\/2023\/07\/plaza-fabricato-290x300.jpg 290w, https:\/\/manting.com.co\/wp-content\/uploads\/2023\/07\/plaza-fabricato-768x795.jpg 768w, https:\/\/manting.com.co\/wp-content\/uploads\/2023\/07\/plaza-fabricato-1484x1536.jpg 1484w, https:\/\/manting.com.co\/wp-content\/uploads\/2023\/07\/plaza-fabricato-1979x2048.jpg 1979w, https:\/\/manting.com.co\/wp-content\/uploads\/2023\/07\/plaza-fabricato.jpg 2000w\" sizes=\"(max-width: 989px) 100vw, 989px\" \/><\/figure><div class=\"wp-block-media-text__content\">\n<p class=\"has-small-font-size\"><strong><strong><strong>Parque Fabricato<\/strong><\/strong><\/strong><\/p>\n\n\n\n<p class=\"has-small-font-size\">\u2714CCTV, acceso, intrusi\u00f3n, incendios, supervisi\u00f3n de equipos electromec\u00e1nicos y BMS, Cableado estructurado, Sonido ambiental, Mantenimiento al sistema de&nbsp; automatizaci\u00f3n, Conteo de personas<\/p>\n<\/div><\/div>\n<\/div>\n\n\n\n<div class=\"wp-block-column is-layout-flow\">\n<div class=\"wp-block-media-text alignwide is-stacked-on-mobile is-vertically-aligned-top\"><figure class=\"wp-block-media-text__media\"><img decoding=\"async\" loading=\"lazy\" width=\"989\" height=\"1024\" src=\"http:\/\/manting.com.co\/wp-content\/uploads\/2023\/07\/guacari-989x1024.jpg\" alt=\"\" class=\"wp-image-294 size-full\" srcset=\"https:\/\/manting.com.co\/wp-content\/uploads\/2023\/07\/guacari-989x1024.jpg 989w, https:\/\/manting.com.co\/wp-content\/uploads\/2023\/07\/guacari-290x300.jpg 290w, https:\/\/manting.com.co\/wp-content\/uploads\/2023\/07\/guacari-768x795.jpg 768w, https:\/\/manting.com.co\/wp-content\/uploads\/2023\/07\/guacari-1484x1536.jpg 1484w, https:\/\/manting.com.co\/wp-content\/uploads\/2023\/07\/guacari-1979x2048.jpg 1979w, https:\/\/manting.com.co\/wp-content\/uploads\/2023\/07\/guacari.jpg 2000w\" sizes=\"(max-width: 989px) 100vw, 989px\" \/><\/figure><div class=\"wp-block-media-text__content\">\n<p class=\"has-small-font-size\"><strong><strong>Guacar\u00ed<\/strong><\/strong><\/p>\n\n\n\n<p class=\"has-small-font-size\">\u2714Sistema de automatizaci\u00f3n: CCTV, acceso, intrusi\u00f3n, incendios, conteo de personas, supervisi\u00f3n de equipos electromec\u00e1nicos e instalaci\u00f3n de BMS, Cableado estructurado de voz y datos, Sistema de sonido<\/p>\n<\/div><\/div>\n<\/div>\n\n\n\n<div class=\"wp-block-column is-layout-flow\">\n<div class=\"wp-block-media-text alignwide is-stacked-on-mobile is-vertically-aligned-top\"><figure class=\"wp-block-media-text__media\"><img decoding=\"async\" loading=\"lazy\" width=\"989\" height=\"1024\" src=\"http:\/\/manting.com.co\/wp-content\/uploads\/2023\/07\/primavera-urbana-989x1024.jpg\" alt=\"\" class=\"wp-image-321 size-full\" srcset=\"https:\/\/manting.com.co\/wp-content\/uploads\/2023\/07\/primavera-urbana-989x1024.jpg 989w, https:\/\/manting.com.co\/wp-content\/uploads\/2023\/07\/primavera-urbana-290x300.jpg 290w, https:\/\/manting.com.co\/wp-content\/uploads\/2023\/07\/primavera-urbana-768x795.jpg 768w, https:\/\/manting.com.co\/wp-content\/uploads\/2023\/07\/primavera-urbana-1484x1536.jpg 1484w, https:\/\/manting.com.co\/wp-content\/uploads\/2023\/07\/primavera-urbana-1979x2048.jpg 1979w, https:\/\/manting.com.co\/wp-content\/uploads\/2023\/07\/primavera-urbana.jpg 2000w\" sizes=\"(max-width: 989px) 100vw, 989px\" \/><\/figure><div class=\"wp-block-media-text__content\">\n<p class=\"has-small-font-size\"><strong><strong>Primavera Urbana (Villavicencio)<\/strong><\/strong><\/p>\n\n\n\n<p class=\"has-small-font-size\">\u2714Sistema de automatizaci\u00f3n: CCTV, acceso, intrusi\u00f3n, incendios, supervisi\u00f3n de equipos electromec\u00e1nicos e instalaci\u00f3n de BMS.<\/p>\n<\/div><\/div>\n<\/div>\n<\/div>\n\n\n\n<div class=\"wp-block-columns is-layout-flex wp-container-12\">\n<div class=\"wp-block-column is-layout-flow\">\n<div class=\"wp-block-media-text alignwide is-stacked-on-mobile is-vertically-aligned-top\"><figure class=\"wp-block-media-text__media\"><img decoding=\"async\" loading=\"lazy\" width=\"989\" height=\"1024\" src=\"http:\/\/manting.com.co\/wp-content\/uploads\/2023\/07\/villa-country-989x1024.jpg\" alt=\"\" class=\"wp-image-340 size-full\" srcset=\"https:\/\/manting.com.co\/wp-content\/uploads\/2023\/07\/villa-country-989x1024.jpg 989w, https:\/\/manting.com.co\/wp-content\/uploads\/2023\/07\/villa-country-290x300.jpg 290w, https:\/\/manting.com.co\/wp-content\/uploads\/2023\/07\/villa-country-768x795.jpg 768w, https:\/\/manting.com.co\/wp-content\/uploads\/2023\/07\/villa-country-1484x1536.jpg 1484w, https:\/\/manting.com.co\/wp-content\/uploads\/2023\/07\/villa-country-1979x2048.jpg 1979w, https:\/\/manting.com.co\/wp-content\/uploads\/2023\/07\/villa-country.jpg 2000w\" sizes=\"(max-width: 989px) 100vw, 989px\" \/><\/figure><div class=\"wp-block-media-text__content\">\n<p class=\"has-small-font-size\"><strong><strong>Villa Country (Barranquilla)<\/strong><\/strong><\/p>\n\n\n\n<p class=\"has-small-font-size\">\u2714Sistema de detecci\u00f3n de incendios<\/p>\n<\/div><\/div>\n<\/div>\n\n\n\n<div class=\"wp-block-column is-layout-flow\">\n<div class=\"wp-block-media-text alignwide is-stacked-on-mobile is-vertically-aligned-top\"><figure class=\"wp-block-media-text__media\"><img decoding=\"async\" loading=\"lazy\" width=\"989\" height=\"1024\" src=\"http:\/\/manting.com.co\/wp-content\/uploads\/2023\/07\/Jardines-llanogrande-989x1024.jpg\" alt=\"\" class=\"wp-image-305 size-full\" srcset=\"https:\/\/manting.com.co\/wp-content\/uploads\/2023\/07\/Jardines-llanogrande-989x1024.jpg 989w, https:\/\/manting.com.co\/wp-content\/uploads\/2023\/07\/Jardines-llanogrande-290x300.jpg 290w, https:\/\/manting.com.co\/wp-content\/uploads\/2023\/07\/Jardines-llanogrande-768x795.jpg 768w, https:\/\/manting.com.co\/wp-content\/uploads\/2023\/07\/Jardines-llanogrande-1484x1536.jpg 1484w, https:\/\/manting.com.co\/wp-content\/uploads\/2023\/07\/Jardines-llanogrande-1979x2048.jpg 1979w, https:\/\/manting.com.co\/wp-content\/uploads\/2023\/07\/Jardines-llanogrande.jpg 2000w\" sizes=\"(max-width: 989px) 100vw, 989px\" \/><\/figure><div class=\"wp-block-media-text__content\">\n<p class=\"has-small-font-size\"><strong>Jardines Llanogrande<\/strong><\/p>\n\n\n\n<p class=\"has-small-font-size\">\u2714Instalaci\u00f3n sistema CCTV, sonido, intrusi\u00f3n, incendios, electromec\u00e1nicos y conteo de personas<\/p>\n<\/div><\/div>\n<\/div>\n\n\n\n<div class=\"wp-block-column is-layout-flow\">\n<div class=\"wp-block-media-text alignwide is-stacked-on-mobile is-vertically-aligned-top\"><figure class=\"wp-block-media-text__media\"><img decoding=\"async\" loading=\"lazy\" width=\"989\" height=\"1024\" src=\"http:\/\/manting.com.co\/wp-content\/uploads\/2023\/07\/viva-envigado-989x1024.jpg\" alt=\"\" class=\"wp-image-341 size-full\" srcset=\"https:\/\/manting.com.co\/wp-content\/uploads\/2023\/07\/viva-envigado-989x1024.jpg 989w, https:\/\/manting.com.co\/wp-content\/uploads\/2023\/07\/viva-envigado-290x300.jpg 290w, https:\/\/manting.com.co\/wp-content\/uploads\/2023\/07\/viva-envigado-768x795.jpg 768w, https:\/\/manting.com.co\/wp-content\/uploads\/2023\/07\/viva-envigado-1484x1536.jpg 1484w, https:\/\/manting.com.co\/wp-content\/uploads\/2023\/07\/viva-envigado-1979x2048.jpg 1979w, https:\/\/manting.com.co\/wp-content\/uploads\/2023\/07\/viva-envigado.jpg 2000w\" sizes=\"(max-width: 989px) 100vw, 989px\" \/><\/figure><div class=\"wp-block-media-text__content\">\n<p class=\"has-small-font-size\"><strong><strong>Viva Envigado<\/strong><\/strong><\/p>\n\n\n\n<p class=\"has-small-font-size\">\u2714Instalaci\u00f3n sistema de sonido ambiental, integrado al sistema de detecci\u00f3n de incendio, Inteligencia de negocios a partir de software en la nube<\/p>\n<\/div><\/div>\n<\/div>\n<\/div>\n\n\n\n<div class=\"wp-block-columns is-layout-flex wp-container-16\">\n<div class=\"wp-block-column is-layout-flow\">\n<div class=\"wp-block-media-text alignwide is-stacked-on-mobile is-vertically-aligned-top\"><figure class=\"wp-block-media-text__media\"><img decoding=\"async\" loading=\"lazy\" width=\"989\" height=\"1024\" src=\"http:\/\/manting.com.co\/wp-content\/uploads\/2023\/07\/la-central-989x1024.jpg\" alt=\"\" class=\"wp-image-309 size-full\" srcset=\"https:\/\/manting.com.co\/wp-content\/uploads\/2023\/07\/la-central-989x1024.jpg 989w, https:\/\/manting.com.co\/wp-content\/uploads\/2023\/07\/la-central-290x300.jpg 290w, https:\/\/manting.com.co\/wp-content\/uploads\/2023\/07\/la-central-768x795.jpg 768w, https:\/\/manting.com.co\/wp-content\/uploads\/2023\/07\/la-central-1484x1536.jpg 1484w, https:\/\/manting.com.co\/wp-content\/uploads\/2023\/07\/la-central-1979x2048.jpg 1979w, https:\/\/manting.com.co\/wp-content\/uploads\/2023\/07\/la-central.jpg 2000w\" sizes=\"(max-width: 989px) 100vw, 989px\" \/><\/figure><div class=\"wp-block-media-text__content\">\n<p class=\"has-small-font-size\"><strong><strong><strong>La Central<\/strong><\/strong><\/strong><\/p>\n\n\n\n<p class=\"has-small-font-size\">\u2714CCTV, acceso, intrusi\u00f3n, incendios, conteo de personas, supervisi\u00f3n de equipos electromec\u00e1nicos y BMS, Cableado estructurado de voz y datos, Mantenimiento al sistema de&nbsp; automatizaci\u00f3n<\/p>\n<\/div><\/div>\n<\/div>\n\n\n\n<div class=\"wp-block-column is-layout-flow\">\n<div class=\"wp-block-media-text alignwide is-stacked-on-mobile is-vertically-aligned-top\"><figure class=\"wp-block-media-text__media\"><img decoding=\"async\" loading=\"lazy\" width=\"989\" height=\"1024\" src=\"http:\/\/manting.com.co\/wp-content\/uploads\/2023\/07\/arcadia-989x1024.jpg\" alt=\"\" class=\"wp-image-285 size-full\" srcset=\"https:\/\/manting.com.co\/wp-content\/uploads\/2023\/07\/arcadia-989x1024.jpg 989w, https:\/\/manting.com.co\/wp-content\/uploads\/2023\/07\/arcadia-290x300.jpg 290w, https:\/\/manting.com.co\/wp-content\/uploads\/2023\/07\/arcadia-768x795.jpg 768w, https:\/\/manting.com.co\/wp-content\/uploads\/2023\/07\/arcadia-1484x1536.jpg 1484w, https:\/\/manting.com.co\/wp-content\/uploads\/2023\/07\/arcadia-1979x2048.jpg 1979w, https:\/\/manting.com.co\/wp-content\/uploads\/2023\/07\/arcadia.jpg 2000w\" sizes=\"(max-width: 989px) 100vw, 989px\" \/><\/figure><div class=\"wp-block-media-text__content\">\n<p class=\"has-small-font-size\"><strong>Arkadia<\/strong><\/p>\n\n\n\n<p class=\"has-small-font-size\">\u2714Sistema de automatizaci\u00f3n: CCTV, acceso, intrusi\u00f3n, incendios, supervisi\u00f3n de equipos electromec\u00e1nicos,Sonido Ambiental<\/p>\n<\/div><\/div>\n<\/div>\n\n\n\n<div class=\"wp-block-column is-layout-flow\">\n<div class=\"wp-block-media-text alignwide is-stacked-on-mobile is-vertically-aligned-top\"><figure class=\"wp-block-media-text__media\"><img decoding=\"async\" loading=\"lazy\" width=\"989\" height=\"1024\" src=\"http:\/\/manting.com.co\/wp-content\/uploads\/2023\/07\/plaza-del-rio-989x1024.jpg\" alt=\"\" class=\"wp-image-318 size-full\" srcset=\"https:\/\/manting.com.co\/wp-content\/uploads\/2023\/07\/plaza-del-rio-989x1024.jpg 989w, https:\/\/manting.com.co\/wp-content\/uploads\/2023\/07\/plaza-del-rio-290x300.jpg 290w, https:\/\/manting.com.co\/wp-content\/uploads\/2023\/07\/plaza-del-rio-768x795.jpg 768w, https:\/\/manting.com.co\/wp-content\/uploads\/2023\/07\/plaza-del-rio-1484x1536.jpg 1484w, https:\/\/manting.com.co\/wp-content\/uploads\/2023\/07\/plaza-del-rio-1979x2048.jpg 1979w, https:\/\/manting.com.co\/wp-content\/uploads\/2023\/07\/plaza-del-rio.jpg 2000w\" sizes=\"(max-width: 989px) 100vw, 989px\" \/><\/figure><div class=\"wp-block-media-text__content\">\n<p class=\"has-small-font-size\"><strong>Plaza Del R\u00edo<\/strong> <strong>(Apartad\u00f3)<\/strong><\/p>\n\n\n\n<p class=\"has-small-font-size\">\u2714Sistema de Conteo de Personas<\/p>\n<\/div><\/div>\n<\/div>\n<\/div>\n\n\n\n<div class=\"wp-block-group has-pale-ocean-gradient-background has-background is-layout-constrained\"><div class=\"wp-block-group__inner-container\">\n<h2 class=\"wp-block-heading has-text-align-center\">Contactanos!<\/h2>\n\n\n\n<div class=\"wp-block-columns is-layout-flex wp-container-19\">\n<div class=\"wp-block-column is-vertically-aligned-center is-layout-flow\"><div class=\"wp-block-image is-style-rounded\">\n<figure class=\"aligncenter size-full\"><img decoding=\"async\" loading=\"lazy\" width=\"1400\" height=\"700\" src=\"https:\/\/manting.com.co\/wp-content\/uploads\/2023\/11\/Diseno-sin-titulo-33.jpg\" alt=\"\" class=\"wp-image-649\" srcset=\"https:\/\/manting.com.co\/wp-content\/uploads\/2023\/11\/Diseno-sin-titulo-33.jpg 1400w, https:\/\/manting.com.co\/wp-content\/uploads\/2023\/11\/Diseno-sin-titulo-33-300x150.jpg 300w, https:\/\/manting.com.co\/wp-content\/uploads\/2023\/11\/Diseno-sin-titulo-33-1024x512.jpg 1024w, https:\/\/manting.com.co\/wp-content\/uploads\/2023\/11\/Diseno-sin-titulo-33-768x384.jpg 768w\" sizes=\"(max-width: 1400px) 100vw, 1400px\" \/><\/figure><\/div><\/div>\n\n\n\n<div class=\"wp-block-column is-layout-flow\">\n<div class=\"wp-block-contact-form-7-contact-form-selector\">\n<div class=\"wpcf7 no-js\" id=\"wpcf7-f615-o1\" lang=\"es-ES\" dir=\"ltr\">\n<div class=\"screen-reader-response\"><p role=\"status\" aria-live=\"polite\" aria-atomic=\"true\"><\/p> <ul><\/ul><\/div>\n<form action=\"\/index.php\/wp-json\/wp\/v2\/pages\/482#wpcf7-f615-o1\" method=\"post\" class=\"wpcf7-form init\" aria-label=\"Formulario de contacto\" novalidate=\"novalidate\" data-status=\"init\">\n<div style=\"display: none;\">\n<input type=\"hidden\" name=\"_wpcf7\" value=\"615\" \/>\n<input type=\"hidden\" name=\"_wpcf7_version\" value=\"5.8\" \/>\n<input type=\"hidden\" name=\"_wpcf7_locale\" value=\"es_ES\" \/>\n<input type=\"hidden\" name=\"_wpcf7_unit_tag\" value=\"wpcf7-f615-o1\" \/>\n<input type=\"hidden\" name=\"_wpcf7_container_post\" value=\"0\" \/>\n<input type=\"hidden\" name=\"_wpcf7_posted_data_hash\" value=\"\" \/>\n<\/div>\n<p><label> Tu nombre<br \/>\n<span class=\"wpcf7-form-control-wrap\" data-name=\"your-name\"><input size=\"40\" class=\"wpcf7-form-control wpcf7-text wpcf7-validates-as-required\" autocomplete=\"name\" aria-required=\"true\" aria-invalid=\"false\" value=\"\" type=\"text\" name=\"your-name\" \/><\/span> <\/label><br \/>\n<label> Tu correo electr\u00f3nico<br \/>\n<span class=\"wpcf7-form-control-wrap\" data-name=\"your-email\"><input size=\"40\" class=\"wpcf7-form-control wpcf7-email wpcf7-validates-as-required wpcf7-text wpcf7-validates-as-email\" autocomplete=\"email\" aria-required=\"true\" aria-invalid=\"false\" value=\"\" type=\"email\" name=\"your-email\" \/><\/span> <\/label><br \/>\n<label> Asunto<br \/>\n<span class=\"wpcf7-form-control-wrap\" data-name=\"your-subject\"><input size=\"40\" class=\"wpcf7-form-control wpcf7-text wpcf7-validates-as-required\" aria-required=\"true\" aria-invalid=\"false\" value=\"\" type=\"text\" name=\"your-subject\" \/><\/span> <\/label><br \/>\n<label> Tu mensaje<br \/>\n<span class=\"wpcf7-form-control-wrap\" data-name=\"your-message\"><textarea cols=\"40\" rows=\"10\" class=\"wpcf7-form-control wpcf7-textarea\" aria-invalid=\"false\" name=\"your-message\"><\/textarea><\/span> <\/label><br \/>\n<input class=\"wpcf7-form-control wpcf7-submit has-spinner\" type=\"submit\" value=\"Enviar\" \/>\n<\/p><div class=\"wpcf7-response-output\" aria-hidden=\"true\"><\/div>\n<\/form>\n<\/div>\n<\/div>\n<\/div>\n<\/div>\n<\/div><\/div>\n","protected":false},"excerpt":{"rendered":"<p>Centros Comerciales Viva Laureles \u2714Mantenimiento sistema de detecci\u00f3n de incendio y CCTV Mayorca \u2714Puesta a punto del sistema de automatizaci\u00f3n, Mantenimiento y soporte San Nicol\u00e1s (Rionegro) \u2714Programaci\u00f3n de automatizaci\u00f3n y BMS Parque Fabricato \u2714CCTV, acceso, intrusi\u00f3n, incendios, supervisi\u00f3n de equipos electromec\u00e1nicos y BMS, Cableado estructurado, Sonido ambiental, Mantenimiento al sistema de&nbsp; automatizaci\u00f3n, Conteo de personas [&hellip;]<\/p>\n","protected":false},"author":1,"featured_media":0,"parent":0,"menu_order":0,"comment_status":"closed","ping_status":"closed","template":"page-templates\/pagebuilder.php","meta":[],"_links":{"self":[{"href":"https:\/\/manting.com.co\/index.php\/wp-json\/wp\/v2\/pages\/482"}],"collection":[{"href":"https:\/\/manting.com.co\/index.php\/wp-json\/wp\/v2\/pages"}],"about":[{"href":"https:\/\/manting.com.co\/index.php\/wp-json\/wp\/v2\/types\/page"}],"author":[{"embeddable":true,"href":"https:\/\/manting.com.co\/index.php\/wp-json\/wp\/v2\/users\/1"}],"replies":[{"embeddable":true,"href":"https:\/\/manting.com.co\/index.php\/wp-json\/wp\/v2\/comments?post=482"}],"version-history":[{"count":20,"href":"https:\/\/manting.com.co\/index.php\/wp-json\/wp\/v2\/pages\/482\/revisions"}],"predecessor-version":[{"id":672,"href":"https:\/\/manting.com.co\/index.php\/wp-json\/wp\/v2\/pages\/482\/revisions\/672"}],"wp:attachment":[{"href":"https:\/\/manting.com.co\/index.php\/wp-json\/wp\/v2\/media?parent=482"}],"curies":[{"name":"wp","href":"https:\/\/api.w.org\/{rel}","templated":true}]}}