{"id":496,"date":"2023-08-02T02:03:00","date_gmt":"2023-08-02T02:03:00","guid":{"rendered":"http:\/\/manting.com.co\/?page_id=496"},"modified":"2023-11-15T02:54:42","modified_gmt":"2023-11-15T02:54:42","slug":"hoteles","status":"publish","type":"page","link":"https:\/\/manting.com.co\/index.php\/hoteles\/","title":{"rendered":"Hoteles"},"content":{"rendered":"\n<h1 class=\"wp-block-heading has-text-align-center\"><strong>Hoteles<\/strong><\/h1>\n\n\n\n<div class=\"wp-block-columns is-layout-flex wp-container-4\">\n<div class=\"wp-block-column is-layout-flow\">\n<div class=\"wp-block-media-text alignwide is-stacked-on-mobile is-vertically-aligned-top has-small-font-size\"><figure class=\"wp-block-media-text__media\"><img decoding=\"async\" loading=\"lazy\" width=\"989\" height=\"1024\" src=\"http:\/\/manting.com.co\/wp-content\/uploads\/2023\/07\/hotel-ibis-989x1024.jpg\" alt=\"\" class=\"wp-image-298 size-full\" srcset=\"https:\/\/manting.com.co\/wp-content\/uploads\/2023\/07\/hotel-ibis-989x1024.jpg 989w, https:\/\/manting.com.co\/wp-content\/uploads\/2023\/07\/hotel-ibis-290x300.jpg 290w, https:\/\/manting.com.co\/wp-content\/uploads\/2023\/07\/hotel-ibis-768x795.jpg 768w, https:\/\/manting.com.co\/wp-content\/uploads\/2023\/07\/hotel-ibis-1484x1536.jpg 1484w, https:\/\/manting.com.co\/wp-content\/uploads\/2023\/07\/hotel-ibis-1979x2048.jpg 1979w, https:\/\/manting.com.co\/wp-content\/uploads\/2023\/07\/hotel-ibis.jpg 2000w\" sizes=\"(max-width: 989px) 100vw, 989px\" \/><\/figure><div class=\"wp-block-media-text__content\">\n<p style=\"text-decoration:underline\"><strong>Ibis<\/strong><\/p>\n\n\n\n<p>\u2714Sistema CCTV, supervisi\u00f3n de se\u00f1ales electromec\u00e1nicos, incendios, Cableado estructurado de voz y datos, video citofon\u00eda Sonido.<\/p>\n<\/div><\/div>\n<\/div>\n\n\n\n<div class=\"wp-block-column is-layout-flow\">\n<div class=\"wp-block-media-text alignwide is-stacked-on-mobile is-vertically-aligned-top has-small-font-size\"><figure class=\"wp-block-media-text__media\"><img decoding=\"async\" loading=\"lazy\" width=\"989\" height=\"1024\" src=\"http:\/\/manting.com.co\/wp-content\/uploads\/2023\/07\/hotel-guacari-989x1024.jpg\" alt=\"\" class=\"wp-image-301 size-full\" srcset=\"https:\/\/manting.com.co\/wp-content\/uploads\/2023\/07\/hotel-guacari-989x1024.jpg 989w, https:\/\/manting.com.co\/wp-content\/uploads\/2023\/07\/hotel-guacari-290x300.jpg 290w, https:\/\/manting.com.co\/wp-content\/uploads\/2023\/07\/hotel-guacari-768x795.jpg 768w, https:\/\/manting.com.co\/wp-content\/uploads\/2023\/07\/hotel-guacari-1484x1536.jpg 1484w, https:\/\/manting.com.co\/wp-content\/uploads\/2023\/07\/hotel-guacari-1979x2048.jpg 1979w, https:\/\/manting.com.co\/wp-content\/uploads\/2023\/07\/hotel-guacari.jpg 2000w\" sizes=\"(max-width: 989px) 100vw, 989px\" \/><\/figure><div class=\"wp-block-media-text__content\">\n<p style=\"text-decoration:underline\"><strong>Guacar\u00ed<\/strong><\/p>\n\n\n\n<p>\u2714Detecci\u00f3n de Incendio, CCTV, Control de Acceso, Equipos Electromec\u00e1nicos, Sonido Ambiental, Integraci\u00f3n con Control de Iluminaci\u00f3n y Aire Acondicionado<\/p>\n<\/div><\/div>\n<\/div>\n\n\n\n<div class=\"wp-block-column is-layout-flow\">\n<div class=\"wp-block-media-text alignwide is-stacked-on-mobile is-vertically-aligned-top has-small-font-size\"><figure class=\"wp-block-media-text__media\"><img decoding=\"async\" loading=\"lazy\" width=\"989\" height=\"1024\" src=\"http:\/\/manting.com.co\/wp-content\/uploads\/2023\/07\/hotel-soneta-989x1024.jpg\" alt=\"\" class=\"wp-image-302 size-full\" srcset=\"https:\/\/manting.com.co\/wp-content\/uploads\/2023\/07\/hotel-soneta-989x1024.jpg 989w, https:\/\/manting.com.co\/wp-content\/uploads\/2023\/07\/hotel-soneta-290x300.jpg 290w, https:\/\/manting.com.co\/wp-content\/uploads\/2023\/07\/hotel-soneta-768x795.jpg 768w, https:\/\/manting.com.co\/wp-content\/uploads\/2023\/07\/hotel-soneta-1484x1536.jpg 1484w, https:\/\/manting.com.co\/wp-content\/uploads\/2023\/07\/hotel-soneta-1979x2048.jpg 1979w, https:\/\/manting.com.co\/wp-content\/uploads\/2023\/07\/hotel-soneta.jpg 2000w\" sizes=\"(max-width: 989px) 100vw, 989px\" \/><\/figure><div class=\"wp-block-media-text__content\">\n<p style=\"text-decoration:underline\"><strong>Sonesta<\/strong> <\/p>\n\n\n\n<p>\u2714Sistema CCTV, detecci\u00f3n de incendios, cableado estructurado de voz y datos, video citofon\u00eda<\/p>\n<\/div><\/div>\n<\/div>\n<\/div>\n\n\n\n<div class=\"wp-block-columns is-layout-flex wp-container-8\">\n<div class=\"wp-block-column is-layout-flow\">\n<div class=\"wp-block-media-text alignwide is-stacked-on-mobile is-vertically-aligned-top has-small-font-size\"><figure class=\"wp-block-media-text__media\"><img decoding=\"async\" loading=\"lazy\" width=\"989\" height=\"1024\" src=\"http:\/\/manting.com.co\/wp-content\/uploads\/2023\/07\/waya-guajira-989x1024.jpg\" alt=\"\" class=\"wp-image-344 size-full\" srcset=\"https:\/\/manting.com.co\/wp-content\/uploads\/2023\/07\/waya-guajira-989x1024.jpg 989w, https:\/\/manting.com.co\/wp-content\/uploads\/2023\/07\/waya-guajira-290x300.jpg 290w, https:\/\/manting.com.co\/wp-content\/uploads\/2023\/07\/waya-guajira-768x795.jpg 768w, https:\/\/manting.com.co\/wp-content\/uploads\/2023\/07\/waya-guajira-1484x1536.jpg 1484w, https:\/\/manting.com.co\/wp-content\/uploads\/2023\/07\/waya-guajira-1979x2048.jpg 1979w, https:\/\/manting.com.co\/wp-content\/uploads\/2023\/07\/waya-guajira.jpg 2000w\" sizes=\"(max-width: 989px) 100vw, 989px\" \/><\/figure><div class=\"wp-block-media-text__content\">\n<p style=\"text-decoration:underline\"><strong><strong>Waya Guajira<\/strong><\/strong><\/p>\n\n\n\n<p>\u2714Sistema CCTV, Detecci\u00f3n de incendios, Telefon\u00eda en habitaci\u00f3n<\/p>\n<\/div><\/div>\n<\/div>\n\n\n\n<div class=\"wp-block-column is-layout-flow\">\n<div class=\"wp-block-media-text alignwide is-stacked-on-mobile is-vertically-aligned-top has-small-font-size\"><figure class=\"wp-block-media-text__media\"><img decoding=\"async\" loading=\"lazy\" width=\"989\" height=\"1024\" src=\"http:\/\/manting.com.co\/wp-content\/uploads\/2023\/07\/Click-clack-hotel-989x1024.jpg\" alt=\"\" class=\"wp-image-292 size-full\" srcset=\"https:\/\/manting.com.co\/wp-content\/uploads\/2023\/07\/Click-clack-hotel-989x1024.jpg 989w, https:\/\/manting.com.co\/wp-content\/uploads\/2023\/07\/Click-clack-hotel-290x300.jpg 290w, https:\/\/manting.com.co\/wp-content\/uploads\/2023\/07\/Click-clack-hotel-768x795.jpg 768w, https:\/\/manting.com.co\/wp-content\/uploads\/2023\/07\/Click-clack-hotel-1484x1536.jpg 1484w, https:\/\/manting.com.co\/wp-content\/uploads\/2023\/07\/Click-clack-hotel-1979x2048.jpg 1979w, https:\/\/manting.com.co\/wp-content\/uploads\/2023\/07\/Click-clack-hotel.jpg 2000w\" sizes=\"(max-width: 989px) 100vw, 989px\" \/><\/figure><div class=\"wp-block-media-text__content\">\n<p style=\"text-decoration:underline\"><strong><strong>ClickClack<\/strong><\/strong><\/p>\n\n\n\n<p>\u2714Sistema de CCTV, acceso, Cableado estructurado de voz y datos, Sistema de sonidos<\/p>\n<\/div><\/div>\n<\/div>\n\n\n\n<div class=\"wp-block-column is-layout-flow\">\n<div class=\"wp-block-media-text alignwide is-stacked-on-mobile is-vertically-aligned-top has-small-font-size\"><figure class=\"wp-block-media-text__media\"><img decoding=\"async\" loading=\"lazy\" width=\"989\" height=\"1024\" src=\"http:\/\/manting.com.co\/wp-content\/uploads\/2023\/07\/Senior-center-989x1024.jpg\" alt=\"\" class=\"wp-image-324 size-full\" srcset=\"https:\/\/manting.com.co\/wp-content\/uploads\/2023\/07\/Senior-center-989x1024.jpg 989w, https:\/\/manting.com.co\/wp-content\/uploads\/2023\/07\/Senior-center-290x300.jpg 290w, https:\/\/manting.com.co\/wp-content\/uploads\/2023\/07\/Senior-center-768x795.jpg 768w, https:\/\/manting.com.co\/wp-content\/uploads\/2023\/07\/Senior-center-1484x1536.jpg 1484w, https:\/\/manting.com.co\/wp-content\/uploads\/2023\/07\/Senior-center-1979x2048.jpg 1979w, https:\/\/manting.com.co\/wp-content\/uploads\/2023\/07\/Senior-center.jpg 2000w\" sizes=\"(max-width: 989px) 100vw, 989px\" \/><\/figure><div class=\"wp-block-media-text__content\">\n<p style=\"text-decoration:underline\"><strong><strong>Senior Center<\/strong><\/strong> <\/p>\n\n\n\n<p>\u2714Dise\u00f1o sistema de Automatizaci\u00f3n.<\/p>\n<\/div><\/div>\n<\/div>\n<\/div>\n\n\n\n<div class=\"wp-block-group has-pale-ocean-gradient-background has-background is-layout-constrained\"><div class=\"wp-block-group__inner-container\">\n<h2 class=\"wp-block-heading has-text-align-center\">Contactanos!<\/h2>\n\n\n\n<div class=\"wp-block-columns is-layout-flex wp-container-11\">\n<div class=\"wp-block-column is-vertically-aligned-center is-layout-flow\"><div class=\"wp-block-image is-style-rounded\">\n<figure class=\"aligncenter size-full\"><img decoding=\"async\" loading=\"lazy\" width=\"1400\" height=\"700\" src=\"https:\/\/manting.com.co\/wp-content\/uploads\/2023\/11\/Diseno-sin-titulo-33.jpg\" alt=\"\" class=\"wp-image-649\" srcset=\"https:\/\/manting.com.co\/wp-content\/uploads\/2023\/11\/Diseno-sin-titulo-33.jpg 1400w, https:\/\/manting.com.co\/wp-content\/uploads\/2023\/11\/Diseno-sin-titulo-33-300x150.jpg 300w, https:\/\/manting.com.co\/wp-content\/uploads\/2023\/11\/Diseno-sin-titulo-33-1024x512.jpg 1024w, https:\/\/manting.com.co\/wp-content\/uploads\/2023\/11\/Diseno-sin-titulo-33-768x384.jpg 768w\" sizes=\"(max-width: 1400px) 100vw, 1400px\" \/><\/figure><\/div><\/div>\n\n\n\n<div class=\"wp-block-column is-layout-flow\">\n<div class=\"wp-block-contact-form-7-contact-form-selector\">\n<div class=\"wpcf7 no-js\" id=\"wpcf7-f615-o1\" lang=\"es-ES\" dir=\"ltr\">\n<div class=\"screen-reader-response\"><p role=\"status\" aria-live=\"polite\" aria-atomic=\"true\"><\/p> <ul><\/ul><\/div>\n<form action=\"\/index.php\/wp-json\/wp\/v2\/pages\/496#wpcf7-f615-o1\" method=\"post\" class=\"wpcf7-form init\" aria-label=\"Formulario de contacto\" novalidate=\"novalidate\" data-status=\"init\">\n<div style=\"display: none;\">\n<input type=\"hidden\" name=\"_wpcf7\" value=\"615\" \/>\n<input type=\"hidden\" name=\"_wpcf7_version\" value=\"5.8\" \/>\n<input type=\"hidden\" name=\"_wpcf7_locale\" value=\"es_ES\" \/>\n<input type=\"hidden\" name=\"_wpcf7_unit_tag\" value=\"wpcf7-f615-o1\" \/>\n<input type=\"hidden\" name=\"_wpcf7_container_post\" value=\"0\" \/>\n<input type=\"hidden\" name=\"_wpcf7_posted_data_hash\" value=\"\" \/>\n<\/div>\n<p><label> Tu nombre<br \/>\n<span class=\"wpcf7-form-control-wrap\" data-name=\"your-name\"><input size=\"40\" class=\"wpcf7-form-control wpcf7-text wpcf7-validates-as-required\" autocomplete=\"name\" aria-required=\"true\" aria-invalid=\"false\" value=\"\" type=\"text\" name=\"your-name\" \/><\/span> <\/label><br \/>\n<label> Tu correo electr\u00f3nico<br \/>\n<span class=\"wpcf7-form-control-wrap\" data-name=\"your-email\"><input size=\"40\" class=\"wpcf7-form-control wpcf7-email wpcf7-validates-as-required wpcf7-text wpcf7-validates-as-email\" autocomplete=\"email\" aria-required=\"true\" aria-invalid=\"false\" value=\"\" type=\"email\" name=\"your-email\" \/><\/span> <\/label><br \/>\n<label> Asunto<br \/>\n<span class=\"wpcf7-form-control-wrap\" data-name=\"your-subject\"><input size=\"40\" class=\"wpcf7-form-control wpcf7-text wpcf7-validates-as-required\" aria-required=\"true\" aria-invalid=\"false\" value=\"\" type=\"text\" name=\"your-subject\" \/><\/span> <\/label><br \/>\n<label> Tu mensaje<br \/>\n<span class=\"wpcf7-form-control-wrap\" data-name=\"your-message\"><textarea cols=\"40\" rows=\"10\" class=\"wpcf7-form-control wpcf7-textarea\" aria-invalid=\"false\" name=\"your-message\"><\/textarea><\/span> <\/label><br \/>\n<input class=\"wpcf7-form-control wpcf7-submit has-spinner\" type=\"submit\" value=\"Enviar\" \/>\n<\/p><div class=\"wpcf7-response-output\" aria-hidden=\"true\"><\/div>\n<\/form>\n<\/div>\n<\/div>\n<\/div>\n<\/div>\n<\/div><\/div>\n","protected":false},"excerpt":{"rendered":"<p>Hoteles Ibis \u2714Sistema CCTV, supervisi\u00f3n de se\u00f1ales electromec\u00e1nicos, incendios, Cableado estructurado de voz y datos, video citofon\u00eda Sonido. Guacar\u00ed \u2714Detecci\u00f3n de Incendio, CCTV, Control de Acceso, Equipos Electromec\u00e1nicos, Sonido Ambiental, Integraci\u00f3n con Control de Iluminaci\u00f3n y Aire Acondicionado Sonesta \u2714Sistema CCTV, detecci\u00f3n de incendios, cableado estructurado de voz y datos, video citofon\u00eda Waya Guajira \u2714Sistema [&hellip;]<\/p>\n","protected":false},"author":1,"featured_media":0,"parent":0,"menu_order":0,"comment_status":"closed","ping_status":"closed","template":"page-templates\/pagebuilder.php","meta":[],"_links":{"self":[{"href":"https:\/\/manting.com.co\/index.php\/wp-json\/wp\/v2\/pages\/496"}],"collection":[{"href":"https:\/\/manting.com.co\/index.php\/wp-json\/wp\/v2\/pages"}],"about":[{"href":"https:\/\/manting.com.co\/index.php\/wp-json\/wp\/v2\/types\/page"}],"author":[{"embeddable":true,"href":"https:\/\/manting.com.co\/index.php\/wp-json\/wp\/v2\/users\/1"}],"replies":[{"embeddable":true,"href":"https:\/\/manting.com.co\/index.php\/wp-json\/wp\/v2\/comments?post=496"}],"version-history":[{"count":13,"href":"https:\/\/manting.com.co\/index.php\/wp-json\/wp\/v2\/pages\/496\/revisions"}],"predecessor-version":[{"id":681,"href":"https:\/\/manting.com.co\/index.php\/wp-json\/wp\/v2\/pages\/496\/revisions\/681"}],"wp:attachment":[{"href":"https:\/\/manting.com.co\/index.php\/wp-json\/wp\/v2\/media?parent=496"}],"curies":[{"name":"wp","href":"https:\/\/api.w.org\/{rel}","templated":true}]}}