{"id":581,"date":"2023-08-23T22:44:18","date_gmt":"2023-08-23T22:44:18","guid":{"rendered":"http:\/\/manting.com.co\/?page_id=581"},"modified":"2023-11-15T02:56:27","modified_gmt":"2023-11-15T02:56:27","slug":"unidades-residenciales","status":"publish","type":"page","link":"https:\/\/manting.com.co\/index.php\/unidades-residenciales\/","title":{"rendered":"Unidades Residenciales"},"content":{"rendered":"\n<h1 class=\"wp-block-heading has-text-align-center\">Centros Residenciales<\/h1>\n\n\n\n<div class=\"wp-block-columns is-layout-flex wp-container-4\">\n<div class=\"wp-block-column is-layout-flow\">\n<div class=\"wp-block-media-text alignwide is-stacked-on-mobile is-vertically-aligned-top\"><figure class=\"wp-block-media-text__media\"><img decoding=\"async\" loading=\"lazy\" width=\"989\" height=\"1024\" src=\"http:\/\/manting.com.co\/wp-content\/uploads\/2023\/07\/aviva-baja-resolucion--989x1024.jpg\" alt=\"\" class=\"wp-image-288 size-full\" srcset=\"https:\/\/manting.com.co\/wp-content\/uploads\/2023\/07\/aviva-baja-resolucion--989x1024.jpg 989w, https:\/\/manting.com.co\/wp-content\/uploads\/2023\/07\/aviva-baja-resolucion--290x300.jpg 290w, https:\/\/manting.com.co\/wp-content\/uploads\/2023\/07\/aviva-baja-resolucion--768x795.jpg 768w, https:\/\/manting.com.co\/wp-content\/uploads\/2023\/07\/aviva-baja-resolucion--1484x1536.jpg 1484w, https:\/\/manting.com.co\/wp-content\/uploads\/2023\/07\/aviva-baja-resolucion--1979x2048.jpg 1979w, https:\/\/manting.com.co\/wp-content\/uploads\/2023\/07\/aviva-baja-resolucion-.jpg 2000w\" sizes=\"(max-width: 989px) 100vw, 989px\" \/><\/figure><div class=\"wp-block-media-text__content\">\n<p class=\"has-small-font-size\"><strong><strong>Aviva<\/strong><\/strong><\/p>\n\n\n\n<p class=\"has-small-font-size\">\u2714Instalaci\u00f3n del sistema de CCTV y Control de accesos<\/p>\n<\/div><\/div>\n<\/div>\n\n\n\n<div class=\"wp-block-column is-layout-flow\">\n<div class=\"wp-block-media-text alignwide is-stacked-on-mobile is-vertically-aligned-top\"><figure class=\"wp-block-media-text__media\"><img decoding=\"async\" loading=\"lazy\" width=\"989\" height=\"1024\" src=\"http:\/\/manting.com.co\/wp-content\/uploads\/2023\/07\/Unidad-Amonte-989x1024.jpg\" alt=\"\" class=\"wp-image-335 size-full\" srcset=\"https:\/\/manting.com.co\/wp-content\/uploads\/2023\/07\/Unidad-Amonte-989x1024.jpg 989w, https:\/\/manting.com.co\/wp-content\/uploads\/2023\/07\/Unidad-Amonte-290x300.jpg 290w, https:\/\/manting.com.co\/wp-content\/uploads\/2023\/07\/Unidad-Amonte-768x795.jpg 768w, https:\/\/manting.com.co\/wp-content\/uploads\/2023\/07\/Unidad-Amonte-1484x1536.jpg 1484w, https:\/\/manting.com.co\/wp-content\/uploads\/2023\/07\/Unidad-Amonte-1979x2048.jpg 1979w, https:\/\/manting.com.co\/wp-content\/uploads\/2023\/07\/Unidad-Amonte.jpg 2000w\" sizes=\"(max-width: 989px) 100vw, 989px\" \/><\/figure><div class=\"wp-block-media-text__content\">\n<p class=\"has-small-font-size\"><strong><strong>Amonte<\/strong><\/strong><\/p>\n\n\n\n<p class=\"has-small-font-size\">\u2714Instalaci\u00f3n del sistema de detecci\u00f3n de incendios y sistema de CCTV<\/p>\n<\/div><\/div>\n<\/div>\n\n\n\n<div class=\"wp-block-column is-layout-flow\">\n<div class=\"wp-block-media-text alignwide is-stacked-on-mobile is-vertically-aligned-top\"><figure class=\"wp-block-media-text__media\"><img decoding=\"async\" loading=\"lazy\" width=\"989\" height=\"1024\" src=\"http:\/\/manting.com.co\/wp-content\/uploads\/2023\/07\/Unidad-Aura-989x1024.jpg\" alt=\"\" class=\"wp-image-337 size-full\" srcset=\"https:\/\/manting.com.co\/wp-content\/uploads\/2023\/07\/Unidad-Aura-989x1024.jpg 989w, https:\/\/manting.com.co\/wp-content\/uploads\/2023\/07\/Unidad-Aura-290x300.jpg 290w, https:\/\/manting.com.co\/wp-content\/uploads\/2023\/07\/Unidad-Aura-768x795.jpg 768w, https:\/\/manting.com.co\/wp-content\/uploads\/2023\/07\/Unidad-Aura-1484x1536.jpg 1484w, https:\/\/manting.com.co\/wp-content\/uploads\/2023\/07\/Unidad-Aura-1979x2048.jpg 1979w, https:\/\/manting.com.co\/wp-content\/uploads\/2023\/07\/Unidad-Aura.jpg 2000w\" sizes=\"(max-width: 989px) 100vw, 989px\" \/><\/figure><div class=\"wp-block-media-text__content\">\n<p class=\"has-small-font-size\"><strong>Aura<\/strong><\/p>\n\n\n\n<p class=\"has-small-font-size\">\u2714Instalaci\u00f3n del sistema de CCTV, Acceso, citofon\u00eda<\/p>\n<\/div><\/div>\n<\/div>\n<\/div>\n\n\n\n<div class=\"wp-block-columns are-vertically-aligned-top is-layout-flex wp-container-8\">\n<div class=\"wp-block-column is-vertically-aligned-top is-layout-flow\">\n<div class=\"wp-block-media-text alignwide is-stacked-on-mobile is-vertically-aligned-top\"><figure class=\"wp-block-media-text__media\"><img decoding=\"async\" loading=\"lazy\" width=\"989\" height=\"1024\" src=\"http:\/\/manting.com.co\/wp-content\/uploads\/2023\/07\/unidad-bisso-989x1024.jpg\" alt=\"\" class=\"wp-image-338 size-full\" srcset=\"https:\/\/manting.com.co\/wp-content\/uploads\/2023\/07\/unidad-bisso-989x1024.jpg 989w, https:\/\/manting.com.co\/wp-content\/uploads\/2023\/07\/unidad-bisso-290x300.jpg 290w, https:\/\/manting.com.co\/wp-content\/uploads\/2023\/07\/unidad-bisso-768x795.jpg 768w, https:\/\/manting.com.co\/wp-content\/uploads\/2023\/07\/unidad-bisso-1484x1536.jpg 1484w, https:\/\/manting.com.co\/wp-content\/uploads\/2023\/07\/unidad-bisso-1979x2048.jpg 1979w, https:\/\/manting.com.co\/wp-content\/uploads\/2023\/07\/unidad-bisso.jpg 2000w\" sizes=\"(max-width: 989px) 100vw, 989px\" \/><\/figure><div class=\"wp-block-media-text__content\">\n<h2 class=\"wp-block-heading has-small-font-size\"><strong><strong>Biss\u00f3<\/strong><\/strong><\/h2>\n\n\n\n<p class=\"has-small-font-size\">\u2714Sistema detecci\u00f3n de Incendio<\/p>\n<\/div><\/div>\n<\/div>\n\n\n\n<div class=\"wp-block-column is-vertically-aligned-top is-layout-flow\">\n<div class=\"wp-block-media-text alignwide is-stacked-on-mobile is-vertically-aligned-center\"><figure class=\"wp-block-media-text__media\"><img decoding=\"async\" loading=\"lazy\" width=\"989\" height=\"1024\" src=\"http:\/\/manting.com.co\/wp-content\/uploads\/2023\/07\/Unidad-Arabella-989x1024.jpg\" alt=\"\" class=\"wp-image-336 size-full\" srcset=\"https:\/\/manting.com.co\/wp-content\/uploads\/2023\/07\/Unidad-Arabella-989x1024.jpg 989w, https:\/\/manting.com.co\/wp-content\/uploads\/2023\/07\/Unidad-Arabella-290x300.jpg 290w, https:\/\/manting.com.co\/wp-content\/uploads\/2023\/07\/Unidad-Arabella-768x795.jpg 768w, https:\/\/manting.com.co\/wp-content\/uploads\/2023\/07\/Unidad-Arabella-1484x1536.jpg 1484w, https:\/\/manting.com.co\/wp-content\/uploads\/2023\/07\/Unidad-Arabella-1979x2048.jpg 1979w, https:\/\/manting.com.co\/wp-content\/uploads\/2023\/07\/Unidad-Arabella.jpg 2000w\" sizes=\"(max-width: 989px) 100vw, 989px\" \/><\/figure><div class=\"wp-block-media-text__content\">\n<p class=\"has-small-font-size\"><strong>Arabella<\/strong><\/p>\n\n\n\n<p class=\"has-small-font-size\">\u2714Instalaci\u00f3n del sistema CCTV<\/p>\n<\/div><\/div>\n<\/div>\n\n\n\n<div class=\"wp-block-column is-vertically-aligned-top is-layout-flow\"><\/div>\n<\/div>\n\n\n\n<div class=\"wp-block-group has-pale-ocean-gradient-background has-background is-layout-constrained\"><div class=\"wp-block-group__inner-container\">\n<h2 class=\"wp-block-heading has-text-align-center\">Contactanos!<\/h2>\n\n\n\n<div class=\"wp-block-columns is-layout-flex wp-container-11\">\n<div class=\"wp-block-column is-vertically-aligned-center is-layout-flow\"><div class=\"wp-block-image is-style-rounded\">\n<figure class=\"aligncenter size-full\"><img decoding=\"async\" loading=\"lazy\" width=\"1400\" height=\"700\" src=\"https:\/\/manting.com.co\/wp-content\/uploads\/2023\/11\/Diseno-sin-titulo-33.jpg\" alt=\"\" class=\"wp-image-649\" srcset=\"https:\/\/manting.com.co\/wp-content\/uploads\/2023\/11\/Diseno-sin-titulo-33.jpg 1400w, https:\/\/manting.com.co\/wp-content\/uploads\/2023\/11\/Diseno-sin-titulo-33-300x150.jpg 300w, https:\/\/manting.com.co\/wp-content\/uploads\/2023\/11\/Diseno-sin-titulo-33-1024x512.jpg 1024w, https:\/\/manting.com.co\/wp-content\/uploads\/2023\/11\/Diseno-sin-titulo-33-768x384.jpg 768w\" sizes=\"(max-width: 1400px) 100vw, 1400px\" \/><\/figure><\/div><\/div>\n\n\n\n<div class=\"wp-block-column is-layout-flow\">\n<div class=\"wp-block-contact-form-7-contact-form-selector\">\n<div class=\"wpcf7 no-js\" id=\"wpcf7-f615-o1\" lang=\"es-ES\" dir=\"ltr\">\n<div class=\"screen-reader-response\"><p role=\"status\" aria-live=\"polite\" aria-atomic=\"true\"><\/p> <ul><\/ul><\/div>\n<form action=\"\/index.php\/wp-json\/wp\/v2\/pages\/581#wpcf7-f615-o1\" method=\"post\" class=\"wpcf7-form init\" aria-label=\"Formulario de contacto\" novalidate=\"novalidate\" data-status=\"init\">\n<div style=\"display: none;\">\n<input type=\"hidden\" name=\"_wpcf7\" value=\"615\" \/>\n<input type=\"hidden\" name=\"_wpcf7_version\" value=\"5.8\" \/>\n<input type=\"hidden\" name=\"_wpcf7_locale\" value=\"es_ES\" \/>\n<input type=\"hidden\" name=\"_wpcf7_unit_tag\" value=\"wpcf7-f615-o1\" \/>\n<input type=\"hidden\" name=\"_wpcf7_container_post\" value=\"0\" \/>\n<input type=\"hidden\" name=\"_wpcf7_posted_data_hash\" value=\"\" \/>\n<\/div>\n<p><label> Tu nombre<br \/>\n<span class=\"wpcf7-form-control-wrap\" data-name=\"your-name\"><input size=\"40\" class=\"wpcf7-form-control wpcf7-text wpcf7-validates-as-required\" autocomplete=\"name\" aria-required=\"true\" aria-invalid=\"false\" value=\"\" type=\"text\" name=\"your-name\" \/><\/span> <\/label><br \/>\n<label> Tu correo electr\u00f3nico<br \/>\n<span class=\"wpcf7-form-control-wrap\" data-name=\"your-email\"><input size=\"40\" class=\"wpcf7-form-control wpcf7-email wpcf7-validates-as-required wpcf7-text wpcf7-validates-as-email\" autocomplete=\"email\" aria-required=\"true\" aria-invalid=\"false\" value=\"\" type=\"email\" name=\"your-email\" \/><\/span> <\/label><br \/>\n<label> Asunto<br \/>\n<span class=\"wpcf7-form-control-wrap\" data-name=\"your-subject\"><input size=\"40\" class=\"wpcf7-form-control wpcf7-text wpcf7-validates-as-required\" aria-required=\"true\" aria-invalid=\"false\" value=\"\" type=\"text\" name=\"your-subject\" \/><\/span> <\/label><br \/>\n<label> Tu mensaje<br \/>\n<span class=\"wpcf7-form-control-wrap\" data-name=\"your-message\"><textarea cols=\"40\" rows=\"10\" class=\"wpcf7-form-control wpcf7-textarea\" aria-invalid=\"false\" name=\"your-message\"><\/textarea><\/span> <\/label><br \/>\n<input class=\"wpcf7-form-control wpcf7-submit has-spinner\" type=\"submit\" value=\"Enviar\" \/>\n<\/p><div class=\"wpcf7-response-output\" aria-hidden=\"true\"><\/div>\n<\/form>\n<\/div>\n<\/div>\n<\/div>\n<\/div>\n<\/div><\/div>\n","protected":false},"excerpt":{"rendered":"<p>Centros Residenciales Aviva \u2714Instalaci\u00f3n del sistema de CCTV y Control de accesos Amonte \u2714Instalaci\u00f3n del sistema de detecci\u00f3n de incendios y sistema de CCTV Aura \u2714Instalaci\u00f3n del sistema de CCTV, Acceso, citofon\u00eda Biss\u00f3 \u2714Sistema detecci\u00f3n de Incendio Arabella \u2714Instalaci\u00f3n del sistema CCTV Contactanos!<\/p>\n","protected":false},"author":1,"featured_media":0,"parent":0,"menu_order":0,"comment_status":"closed","ping_status":"closed","template":"page-templates\/pagebuilder.php","meta":[],"_links":{"self":[{"href":"https:\/\/manting.com.co\/index.php\/wp-json\/wp\/v2\/pages\/581"}],"collection":[{"href":"https:\/\/manting.com.co\/index.php\/wp-json\/wp\/v2\/pages"}],"about":[{"href":"https:\/\/manting.com.co\/index.php\/wp-json\/wp\/v2\/types\/page"}],"author":[{"embeddable":true,"href":"https:\/\/manting.com.co\/index.php\/wp-json\/wp\/v2\/users\/1"}],"replies":[{"embeddable":true,"href":"https:\/\/manting.com.co\/index.php\/wp-json\/wp\/v2\/comments?post=581"}],"version-history":[{"count":8,"href":"https:\/\/manting.com.co\/index.php\/wp-json\/wp\/v2\/pages\/581\/revisions"}],"predecessor-version":[{"id":685,"href":"https:\/\/manting.com.co\/index.php\/wp-json\/wp\/v2\/pages\/581\/revisions\/685"}],"wp:attachment":[{"href":"https:\/\/manting.com.co\/index.php\/wp-json\/wp\/v2\/media?parent=581"}],"curies":[{"name":"wp","href":"https:\/\/api.w.org\/{rel}","templated":true}]}}