{"id":603,"date":"2023-08-24T00:22:10","date_gmt":"2023-08-24T00:22:10","guid":{"rendered":"http:\/\/manting.com.co\/?page_id=603"},"modified":"2023-11-15T02:56:53","modified_gmt":"2023-11-15T02:56:53","slug":"universidades","status":"publish","type":"page","link":"https:\/\/manting.com.co\/index.php\/universidades\/","title":{"rendered":"Universidades"},"content":{"rendered":"\n<h1 class=\"wp-block-heading has-text-align-center\">Universidades<\/h1>\n\n\n\n<div class=\"wp-block-columns is-layout-flex wp-container-4\">\n<div class=\"wp-block-column is-layout-flow\">\n<div class=\"wp-block-media-text alignwide is-stacked-on-mobile is-vertically-aligned-top\"><figure class=\"wp-block-media-text__media\"><img decoding=\"async\" loading=\"lazy\" width=\"989\" height=\"1024\" src=\"http:\/\/manting.com.co\/wp-content\/uploads\/2023\/07\/Fundacion-Universitaria-Autonoma-de-las-Americas-Pereira--989x1024.jpg\" alt=\"\" class=\"wp-image-346 size-full\" srcset=\"https:\/\/manting.com.co\/wp-content\/uploads\/2023\/07\/Fundacion-Universitaria-Autonoma-de-las-Americas-Pereira--989x1024.jpg 989w, https:\/\/manting.com.co\/wp-content\/uploads\/2023\/07\/Fundacion-Universitaria-Autonoma-de-las-Americas-Pereira--290x300.jpg 290w, https:\/\/manting.com.co\/wp-content\/uploads\/2023\/07\/Fundacion-Universitaria-Autonoma-de-las-Americas-Pereira--768x795.jpg 768w, https:\/\/manting.com.co\/wp-content\/uploads\/2023\/07\/Fundacion-Universitaria-Autonoma-de-las-Americas-Pereira--1484x1536.jpg 1484w, https:\/\/manting.com.co\/wp-content\/uploads\/2023\/07\/Fundacion-Universitaria-Autonoma-de-las-Americas-Pereira--1979x2048.jpg 1979w, https:\/\/manting.com.co\/wp-content\/uploads\/2023\/07\/Fundacion-Universitaria-Autonoma-de-las-Americas-Pereira-.jpg 2000w\" sizes=\"(max-width: 989px) 100vw, 989px\" \/><\/figure><div class=\"wp-block-media-text__content\">\n<p class=\"has-small-font-size\"><strong><strong>Fundaci\u00f3n Universitaria Aut\u00f3noma de las Am\u00e9ricas-Pereira<\/strong><\/strong><\/p>\n\n\n\n<p class=\"has-small-font-size\">\u2714Sistema de control de detecci\u00f3n de incendios<\/p>\n<\/div><\/div>\n<\/div>\n\n\n\n<div class=\"wp-block-column is-layout-flow\">\n<div class=\"wp-block-media-text alignwide is-stacked-on-mobile is-vertically-aligned-top\"><figure class=\"wp-block-media-text__media\"><img decoding=\"async\" loading=\"lazy\" width=\"989\" height=\"1024\" src=\"http:\/\/manting.com.co\/wp-content\/uploads\/2023\/07\/eafit-989x1024.jpg\" alt=\"\" class=\"wp-image-345 size-full\" srcset=\"https:\/\/manting.com.co\/wp-content\/uploads\/2023\/07\/eafit-989x1024.jpg 989w, https:\/\/manting.com.co\/wp-content\/uploads\/2023\/07\/eafit-290x300.jpg 290w, https:\/\/manting.com.co\/wp-content\/uploads\/2023\/07\/eafit-768x795.jpg 768w, https:\/\/manting.com.co\/wp-content\/uploads\/2023\/07\/eafit-1484x1536.jpg 1484w, https:\/\/manting.com.co\/wp-content\/uploads\/2023\/07\/eafit-1979x2048.jpg 1979w, https:\/\/manting.com.co\/wp-content\/uploads\/2023\/07\/eafit.jpg 2000w\" sizes=\"(max-width: 989px) 100vw, 989px\" \/><\/figure><div class=\"wp-block-media-text__content\">\n<p class=\"has-small-font-size\"><strong><strong>EAFIT<\/strong><\/strong><\/p>\n\n\n\n<p class=\"has-small-font-size\">\u2714Sistema de control de Acceso, Iluminaci\u00f3n, detecci\u00f3n de incendio&nbsp; y equipos electromec\u00e1nicos, en uno de sus Bloques.<\/p>\n<\/div><\/div>\n<\/div>\n\n\n\n<div class=\"wp-block-column is-layout-flow\">\n<div class=\"wp-block-media-text alignwide is-stacked-on-mobile is-vertically-aligned-top\"><figure class=\"wp-block-media-text__media\"><img decoding=\"async\" loading=\"lazy\" width=\"989\" height=\"1024\" src=\"http:\/\/manting.com.co\/wp-content\/uploads\/2023\/07\/Unaula-989x1024.jpg\" alt=\"\" class=\"wp-image-334 size-full\" srcset=\"https:\/\/manting.com.co\/wp-content\/uploads\/2023\/07\/Unaula-989x1024.jpg 989w, https:\/\/manting.com.co\/wp-content\/uploads\/2023\/07\/Unaula-290x300.jpg 290w, https:\/\/manting.com.co\/wp-content\/uploads\/2023\/07\/Unaula-768x795.jpg 768w, https:\/\/manting.com.co\/wp-content\/uploads\/2023\/07\/Unaula-1484x1536.jpg 1484w, https:\/\/manting.com.co\/wp-content\/uploads\/2023\/07\/Unaula-1979x2048.jpg 1979w, https:\/\/manting.com.co\/wp-content\/uploads\/2023\/07\/Unaula.jpg 2000w\" sizes=\"(max-width: 989px) 100vw, 989px\" \/><\/figure><div class=\"wp-block-media-text__content\">\n<p class=\"has-small-font-size\"><strong>Universidad Aut\u00f3noma<\/strong> <strong>Latinoamericana &#8211; UNAULA<\/strong> &#8211;<\/p>\n\n\n\n<p class=\"has-small-font-size\">\u2714Sistema Control de Acceso, control de Iluminaci\u00f3n, seguridad electr\u00f3nica y BMS.<\/p>\n<\/div><\/div>\n<\/div>\n<\/div>\n\n\n\n<div class=\"wp-block-columns is-layout-flex wp-container-8\">\n<div class=\"wp-block-column is-layout-flow\">\n<div class=\"wp-block-media-text alignwide is-stacked-on-mobile is-vertically-aligned-top\"><figure class=\"wp-block-media-text__media\"><img decoding=\"async\" loading=\"lazy\" width=\"989\" height=\"1024\" src=\"http:\/\/manting.com.co\/wp-content\/uploads\/2023\/07\/institucion-universitaria-envigado-989x1024.jpg\" alt=\"\" class=\"wp-image-299 size-full\" srcset=\"https:\/\/manting.com.co\/wp-content\/uploads\/2023\/07\/institucion-universitaria-envigado-989x1024.jpg 989w, https:\/\/manting.com.co\/wp-content\/uploads\/2023\/07\/institucion-universitaria-envigado-290x300.jpg 290w, https:\/\/manting.com.co\/wp-content\/uploads\/2023\/07\/institucion-universitaria-envigado-768x795.jpg 768w, https:\/\/manting.com.co\/wp-content\/uploads\/2023\/07\/institucion-universitaria-envigado-1484x1536.jpg 1484w, https:\/\/manting.com.co\/wp-content\/uploads\/2023\/07\/institucion-universitaria-envigado-1979x2048.jpg 1979w, https:\/\/manting.com.co\/wp-content\/uploads\/2023\/07\/institucion-universitaria-envigado.jpg 2000w\" sizes=\"(max-width: 989px) 100vw, 989px\" \/><\/figure><div class=\"wp-block-media-text__content\">\n<p class=\"has-small-font-size\"><strong><strong>Instituci\u00f3n Universitaria de Envigado<\/strong><\/strong><\/p>\n\n\n\n<p class=\"has-small-font-size\">\u2714Sistema de control de Acceso peatonal y vehicular.<\/p>\n<\/div><\/div>\n<\/div>\n\n\n\n<div class=\"wp-block-column is-layout-flow\">\n<div class=\"wp-block-media-text alignwide is-stacked-on-mobile is-vertically-aligned-top\"><figure class=\"wp-block-media-text__media\"><img decoding=\"async\" loading=\"lazy\" width=\"989\" height=\"1024\" src=\"http:\/\/manting.com.co\/wp-content\/uploads\/2023\/07\/SIU-989x1024.jpg\" alt=\"\" class=\"wp-image-326 size-full\" srcset=\"https:\/\/manting.com.co\/wp-content\/uploads\/2023\/07\/SIU-989x1024.jpg 989w, https:\/\/manting.com.co\/wp-content\/uploads\/2023\/07\/SIU-290x300.jpg 290w, https:\/\/manting.com.co\/wp-content\/uploads\/2023\/07\/SIU-768x795.jpg 768w, https:\/\/manting.com.co\/wp-content\/uploads\/2023\/07\/SIU-1484x1536.jpg 1484w, https:\/\/manting.com.co\/wp-content\/uploads\/2023\/07\/SIU-1979x2048.jpg 1979w, https:\/\/manting.com.co\/wp-content\/uploads\/2023\/07\/SIU.jpg 2000w\" sizes=\"(max-width: 989px) 100vw, 989px\" \/><\/figure><div class=\"wp-block-media-text__content\">\n<p class=\"has-small-font-size\"><strong>Sede de Investigaci\u00f3n Universitaria &#8211; SIU<\/strong><\/p>\n\n\n\n<p class=\"has-small-font-size\">\u2714Sistema de control de Acceso, detecci\u00f3n de incendio&nbsp; y equipos electromec\u00e1nicos, BMS.<\/p>\n<\/div><\/div>\n<\/div>\n\n\n\n<div class=\"wp-block-column is-layout-flow\"><\/div>\n<\/div>\n\n\n\n<div class=\"wp-block-group has-pale-ocean-gradient-background has-background is-layout-constrained\"><div class=\"wp-block-group__inner-container\">\n<h2 class=\"wp-block-heading has-text-align-center\">Contactanos!<\/h2>\n\n\n\n<div class=\"wp-block-columns is-layout-flex wp-container-11\">\n<div class=\"wp-block-column is-vertically-aligned-center is-layout-flow\"><div class=\"wp-block-image is-style-rounded\">\n<figure class=\"aligncenter size-full\"><img decoding=\"async\" loading=\"lazy\" width=\"1400\" height=\"700\" src=\"https:\/\/manting.com.co\/wp-content\/uploads\/2023\/11\/Diseno-sin-titulo-33.jpg\" alt=\"\" class=\"wp-image-649\" srcset=\"https:\/\/manting.com.co\/wp-content\/uploads\/2023\/11\/Diseno-sin-titulo-33.jpg 1400w, https:\/\/manting.com.co\/wp-content\/uploads\/2023\/11\/Diseno-sin-titulo-33-300x150.jpg 300w, https:\/\/manting.com.co\/wp-content\/uploads\/2023\/11\/Diseno-sin-titulo-33-1024x512.jpg 1024w, https:\/\/manting.com.co\/wp-content\/uploads\/2023\/11\/Diseno-sin-titulo-33-768x384.jpg 768w\" sizes=\"(max-width: 1400px) 100vw, 1400px\" \/><\/figure><\/div><\/div>\n\n\n\n<div class=\"wp-block-column is-layout-flow\">\n<div class=\"wp-block-contact-form-7-contact-form-selector\">\n<div class=\"wpcf7 no-js\" id=\"wpcf7-f615-o1\" lang=\"es-ES\" dir=\"ltr\">\n<div class=\"screen-reader-response\"><p role=\"status\" aria-live=\"polite\" aria-atomic=\"true\"><\/p> <ul><\/ul><\/div>\n<form action=\"\/index.php\/wp-json\/wp\/v2\/pages\/603#wpcf7-f615-o1\" method=\"post\" class=\"wpcf7-form init\" aria-label=\"Formulario de contacto\" novalidate=\"novalidate\" data-status=\"init\">\n<div style=\"display: none;\">\n<input type=\"hidden\" name=\"_wpcf7\" value=\"615\" \/>\n<input type=\"hidden\" name=\"_wpcf7_version\" value=\"5.8\" \/>\n<input type=\"hidden\" name=\"_wpcf7_locale\" value=\"es_ES\" \/>\n<input type=\"hidden\" name=\"_wpcf7_unit_tag\" value=\"wpcf7-f615-o1\" \/>\n<input type=\"hidden\" name=\"_wpcf7_container_post\" value=\"0\" \/>\n<input type=\"hidden\" name=\"_wpcf7_posted_data_hash\" value=\"\" \/>\n<\/div>\n<p><label> Tu nombre<br \/>\n<span class=\"wpcf7-form-control-wrap\" data-name=\"your-name\"><input size=\"40\" class=\"wpcf7-form-control wpcf7-text wpcf7-validates-as-required\" autocomplete=\"name\" aria-required=\"true\" aria-invalid=\"false\" value=\"\" type=\"text\" name=\"your-name\" \/><\/span> <\/label><br \/>\n<label> Tu correo electr\u00f3nico<br \/>\n<span class=\"wpcf7-form-control-wrap\" data-name=\"your-email\"><input size=\"40\" class=\"wpcf7-form-control wpcf7-email wpcf7-validates-as-required wpcf7-text wpcf7-validates-as-email\" autocomplete=\"email\" aria-required=\"true\" aria-invalid=\"false\" value=\"\" type=\"email\" name=\"your-email\" \/><\/span> <\/label><br \/>\n<label> Asunto<br \/>\n<span class=\"wpcf7-form-control-wrap\" data-name=\"your-subject\"><input size=\"40\" class=\"wpcf7-form-control wpcf7-text wpcf7-validates-as-required\" aria-required=\"true\" aria-invalid=\"false\" value=\"\" type=\"text\" name=\"your-subject\" \/><\/span> <\/label><br \/>\n<label> Tu mensaje<br \/>\n<span class=\"wpcf7-form-control-wrap\" data-name=\"your-message\"><textarea cols=\"40\" rows=\"10\" class=\"wpcf7-form-control wpcf7-textarea\" aria-invalid=\"false\" name=\"your-message\"><\/textarea><\/span> <\/label><br \/>\n<input class=\"wpcf7-form-control wpcf7-submit has-spinner\" type=\"submit\" value=\"Enviar\" \/>\n<\/p><div class=\"wpcf7-response-output\" aria-hidden=\"true\"><\/div>\n<\/form>\n<\/div>\n<\/div>\n<\/div>\n<\/div>\n<\/div><\/div>\n","protected":false},"excerpt":{"rendered":"<p>Universidades Fundaci\u00f3n Universitaria Aut\u00f3noma de las Am\u00e9ricas-Pereira \u2714Sistema de control de detecci\u00f3n de incendios EAFIT \u2714Sistema de control de Acceso, Iluminaci\u00f3n, detecci\u00f3n de incendio&nbsp; y equipos electromec\u00e1nicos, en uno de sus Bloques. Universidad Aut\u00f3noma Latinoamericana &#8211; UNAULA &#8211; \u2714Sistema Control de Acceso, control de Iluminaci\u00f3n, seguridad electr\u00f3nica y BMS. Instituci\u00f3n Universitaria de Envigado \u2714Sistema de [&hellip;]<\/p>\n","protected":false},"author":1,"featured_media":0,"parent":0,"menu_order":0,"comment_status":"closed","ping_status":"closed","template":"page-templates\/pagebuilder.php","meta":[],"_links":{"self":[{"href":"https:\/\/manting.com.co\/index.php\/wp-json\/wp\/v2\/pages\/603"}],"collection":[{"href":"https:\/\/manting.com.co\/index.php\/wp-json\/wp\/v2\/pages"}],"about":[{"href":"https:\/\/manting.com.co\/index.php\/wp-json\/wp\/v2\/types\/page"}],"author":[{"embeddable":true,"href":"https:\/\/manting.com.co\/index.php\/wp-json\/wp\/v2\/users\/1"}],"replies":[{"embeddable":true,"href":"https:\/\/manting.com.co\/index.php\/wp-json\/wp\/v2\/comments?post=603"}],"version-history":[{"count":5,"href":"https:\/\/manting.com.co\/index.php\/wp-json\/wp\/v2\/pages\/603\/revisions"}],"predecessor-version":[{"id":686,"href":"https:\/\/manting.com.co\/index.php\/wp-json\/wp\/v2\/pages\/603\/revisions\/686"}],"wp:attachment":[{"href":"https:\/\/manting.com.co\/index.php\/wp-json\/wp\/v2\/media?parent=603"}],"curies":[{"name":"wp","href":"https:\/\/api.w.org\/{rel}","templated":true}]}}